{"id":89,"date":"2025-05-19T08:21:03","date_gmt":"2025-05-19T08:21:03","guid":{"rendered":"https:\/\/anicon.hr\/?page_id=89"},"modified":"2025-06-10T11:43:39","modified_gmt":"2025-06-10T11:43:39","slug":"datenschutzerklarung","status":"publish","type":"page","link":"https:\/\/anicon.hr\/index.php\/datenschutzerklarung\/","title":{"rendered":"Datenschutzerkl\u00e4rung"},"content":{"rendered":"<p class=\"\" data-start=\"174\" data-end=\"242\"><strong data-start=\"174\" data-end=\"190\">Wer wir sind<\/strong><br data-start=\"190\" data-end=\"193\" \/>Unsere Website-Adresse lautet: <a class=\"\" href=\"https:\/\/anicon.hr\/\" target=\"_new\" rel=\"noopener\" data-start=\"224\" data-end=\"241\">https:\/\/anicon.hr<\/a>.<\/p>\n<p class=\"\" data-start=\"244\" data-end=\"838\"><strong data-start=\"244\" data-end=\"258\">Kommentare<\/strong><br data-start=\"258\" data-end=\"261\" \/>Wenn Besucher Kommentare auf der Website hinterlassen, erfassen wir die Daten, die im Kommentarformular angezeigt werden, sowie die IP-Adresse des Besuchers und den User-Agent-String des Browsers, um die Erkennung von Spam zu unterst\u00fctzen.<br data-start=\"500\" data-end=\"503\" \/>Eine anonymisierte Zeichenfolge (Hash) aus Ihrer E-Mail-Adresse kann dem Gravatar-Dienst \u00fcbermittelt werden, um zu pr\u00fcfen, ob Sie diesen nutzen. Die Datenschutzerkl\u00e4rung von Gravatar finden Sie hier: <a class=\"\" href=\"https:\/\/automattic.com\/privacy\/\" target=\"_new\" rel=\"noopener\" data-start=\"703\" data-end=\"734\">https:\/\/automattic.com\/privacy\/<\/a>.<br data-start=\"735\" data-end=\"738\" \/>Nach der Freigabe Ihres Kommentars ist Ihr Profilbild \u00f6ffentlich im Kontext des Kommentars sichtbar.<\/p>\n<p class=\"\" data-start=\"840\" data-end=\"1066\"><strong data-start=\"840\" data-end=\"850\">Medien<\/strong><br data-start=\"850\" data-end=\"853\" \/>Wenn Sie Bilder auf die Website hochladen, sollten Sie vermeiden, Bilder mit eingebetteten Standortdaten (EXIF GPS) hochzuladen. Besucher der Website k\u00f6nnen Standortdaten aus Bildern extrahieren und herunterladen.<\/p>\n<p class=\"\" data-start=\"1068\" data-end=\"2125\"><strong data-start=\"1068\" data-end=\"1079\">Cookies<\/strong><br data-start=\"1079\" data-end=\"1082\" \/>Wenn Sie einen Kommentar auf unserer Website hinterlassen, k\u00f6nnen Sie Ihre Angaben (Name, E-Mail-Adresse und Website) in Cookies speichern lassen. Das ist eine Komfortfunktion, damit Sie diese Daten nicht erneut eingeben m\u00fcssen. Diese Cookies werden ein Jahr lang gespeichert.<br data-start=\"1358\" data-end=\"1361\" \/>Wenn Sie unsere Login-Seite besuchen, wird ein tempor\u00e4rer Cookie gesetzt, um festzustellen, ob Ihr Browser Cookies akzeptiert. Er enth\u00e4lt keine personenbezogenen Daten und wird beim Schlie\u00dfen des Browsers gel\u00f6scht.<br data-start=\"1575\" data-end=\"1578\" \/>Beim Einloggen werden zus\u00e4tzliche Cookies gesetzt, um Ihre Login-Informationen und Anzeigeeinstellungen zu speichern. Login-Cookies bleiben zwei Tage lang bestehen, Anzeigeeinstellungen ein Jahr. Wenn Sie \u201eAngemeldet bleiben\u201c ausw\u00e4hlen, bleibt Ihr Login zwei Wochen erhalten. Beim Ausloggen werden Login-Cookies gel\u00f6scht.<br data-start=\"1899\" data-end=\"1902\" \/>Wenn Sie einen Artikel bearbeiten oder ver\u00f6ffentlichen, wird ein weiterer Cookie in Ihrem Browser gespeichert. Er enth\u00e4lt keine personenbezogenen Daten und zeigt lediglich die ID des Beitrags an. Er verf\u00e4llt nach einem Tag.<\/p>\n<p class=\"\" data-start=\"2127\" data-end=\"2619\"><strong data-start=\"2127\" data-end=\"2172\">Eingebettete Inhalte von anderen Websites<\/strong><br data-start=\"2172\" data-end=\"2175\" \/>Beitr\u00e4ge auf dieser Website k\u00f6nnen eingebettete Inhalte enthalten (z.\u202fB. Videos, Bilder, Artikel). Diese Inhalte verhalten sich genau so, als ob der Besucher die andere Website direkt besucht h\u00e4tte.<br data-start=\"2373\" data-end=\"2376\" \/>Diese Websites k\u00f6nnen Daten \u00fcber Sie sammeln, Cookies verwenden, zus\u00e4tzliche Tracking-Dienste von Dritten einbetten und Ihre Interaktion mit dem eingebetteten Inhalt \u00fcberwachen \u2013 insbesondere, wenn Sie dort ein Konto haben und eingeloggt sind.<\/p>\n<p class=\"\" data-start=\"2621\" data-end=\"2777\"><strong data-start=\"2621\" data-end=\"2654\">Mit wem wir Ihre Daten teilen<\/strong><br data-start=\"2654\" data-end=\"2657\" \/>Wenn Sie ein Zur\u00fccksetzen Ihres Passworts anfordern, wird Ihre IP-Adresse in der E-Mail zum Zur\u00fccksetzen enthalten sein.<\/p>\n<p class=\"\" data-start=\"2779\" data-end=\"3308\"><strong data-start=\"2779\" data-end=\"2817\">Wie lange wir Ihre Daten speichern<\/strong><br data-start=\"2817\" data-end=\"2820\" \/>Wenn Sie einen Kommentar hinterlassen, wird dieser inklusive Metadaten zeitlich unbegrenzt gespeichert. So k\u00f6nnen wir Folgekommentare automatisch erkennen und freigeben.<br data-start=\"2989\" data-end=\"2992\" \/>F\u00fcr registrierte Nutzer speichern wir auch die pers\u00f6nlichen Informationen, die sie in ihrem Profil angeben. Alle Nutzer k\u00f6nnen ihre personenbezogenen Informationen einsehen, bearbeiten oder l\u00f6schen (Benutzernamen ausgenommen). Administratoren der Website k\u00f6nnen diese Informationen ebenfalls einsehen und bearbeiten.<\/p>\n<p class=\"\" data-start=\"3310\" data-end=\"3771\"><strong data-start=\"3310\" data-end=\"3352\">Welche Rechte Sie an Ihren Daten haben<\/strong><br data-start=\"3352\" data-end=\"3355\" \/>Wenn Sie ein Konto auf dieser Website haben oder Kommentare hinterlassen haben, k\u00f6nnen Sie einen Export Ihrer personenbezogenen Daten anfordern \u2013 inklusive aller Daten, die Sie uns mitgeteilt haben. Sie k\u00f6nnen auch die L\u00f6schung aller bei uns gespeicherten personenbezogenen Daten verlangen. Davon ausgenommen sind Daten, die wir aus rechtlichen, administrativen oder sicherheitsrelevanten Gr\u00fcnden aufbewahren m\u00fcssen.<\/p>\n<p class=\"\" data-start=\"3773\" data-end=\"3909\"><strong data-start=\"3773\" data-end=\"3809\">Wohin Ihre Daten gesendet werden<\/strong><br data-start=\"3809\" data-end=\"3812\" \/>Kommentare von Besuchern k\u00f6nnen von einem automatisierten Spam-Erkennungsdienst \u00fcberpr\u00fcft werden.<\/p>\n","protected":false},"excerpt":{"rendered":"<p>Wer wir sindUnsere Website-Adresse lautet: https:\/\/anicon.hr. KommentareWenn Besucher Kommentare auf der Website hinterlassen, erfassen wir die Daten, die im Kommentarformular angezeigt werden, sowie die IP-Adresse des Besuchers und den User-Agent-String des Browsers, um die Erkennung von Spam zu unterst\u00fctzen.Eine anonymisierte Zeichenfolge (Hash) aus Ihrer E-Mail-Adresse kann dem Gravatar-Dienst \u00fcbermittelt werden, um zu pr\u00fcfen, ob Sie [&hellip;]<\/p>\n","protected":false},"author":1,"featured_media":0,"parent":0,"menu_order":15,"comment_status":"closed","ping_status":"closed","template":"","meta":{"footnotes":""},"class_list":["post-89","page","type-page","status-publish","hentry"],"jetpack_sharing_enabled":true,"_links":{"self":[{"href":"https:\/\/anicon.hr\/index.php\/wp-json\/wp\/v2\/pages\/89","targetHints":{"allow":["GET"]}}],"collection":[{"href":"https:\/\/anicon.hr\/index.php\/wp-json\/wp\/v2\/pages"}],"about":[{"href":"https:\/\/anicon.hr\/index.php\/wp-json\/wp\/v2\/types\/page"}],"author":[{"embeddable":true,"href":"https:\/\/anicon.hr\/index.php\/wp-json\/wp\/v2\/users\/1"}],"replies":[{"embeddable":true,"href":"https:\/\/anicon.hr\/index.php\/wp-json\/wp\/v2\/comments?post=89"}],"version-history":[{"count":1,"href":"https:\/\/anicon.hr\/index.php\/wp-json\/wp\/v2\/pages\/89\/revisions"}],"predecessor-version":[{"id":90,"href":"https:\/\/anicon.hr\/index.php\/wp-json\/wp\/v2\/pages\/89\/revisions\/90"}],"wp:attachment":[{"href":"https:\/\/anicon.hr\/index.php\/wp-json\/wp\/v2\/media?parent=89"}],"curies":[{"name":"wp","href":"https:\/\/api.w.org\/{rel}","templated":true}]}}