{"id":59,"date":"2025-05-19T09:35:57","date_gmt":"2025-05-19T09:35:57","guid":{"rendered":"https:\/\/anicon.hr\/?page_id=59"},"modified":"2025-06-10T11:46:15","modified_gmt":"2025-06-10T11:46:15","slug":"pocetna-stranica","status":"publish","type":"page","link":"https:\/\/anicon.hr\/index.php\/hr\/pocetna-stranica\/","title":{"rendered":"Po\u010detna stranica"},"content":{"rendered":"<p class=\"p1\"><b>Dobrodo\u0161li na stranicu Anicon<\/b><\/p>\n<p class=\"p3\"><img loading=\"lazy\" decoding=\"async\" class=\"alignnone wp-image-81 size-large\" src=\"https:\/\/anicon.hr\/wp-content\/uploads\/2025\/05\/computer-820281_1280-1-1024x660.jpg\" alt=\"\" width=\"1024\" height=\"660\" srcset=\"https:\/\/anicon.hr\/wp-content\/uploads\/2025\/05\/computer-820281_1280-1-1024x660.jpg 1024w, https:\/\/anicon.hr\/wp-content\/uploads\/2025\/05\/computer-820281_1280-1-300x193.jpg 300w, https:\/\/anicon.hr\/wp-content\/uploads\/2025\/05\/computer-820281_1280-1-768x495.jpg 768w, https:\/\/anicon.hr\/wp-content\/uploads\/2025\/05\/computer-820281_1280-1.jpg 1280w\" sizes=\"auto, (max-width: 1024px) 100vw, 1024px\" \/><\/p>\n<p class=\"\" data-start=\"101\" data-end=\"319\">Kao stru\u010dnjakinja njema\u010dkog govornog podru\u010dja s dugogodi\u0161njim iskustvom u administraciji, organizaciji i socijalnom sektoru, nudim vam prilago\u0111ene usluge koje \u0107e vam pomo\u0107i da se brzo i jednostavno sna\u0111ete u Hrvatskoj.<\/p>\n<p class=\"\" data-start=\"321\" data-end=\"525\">Bilo da \u017eelite \u017eivjeti, raditi, ulagati ili zapo\u010deti projekt \u2013 stojim vam na raspolaganju sa svojim znanjem u podru\u010dju administrativnih poslova, koordinacije projekata, knjigovodstva i upravnih procedura.<\/p>\n<p class=\"\" data-start=\"527\" data-end=\"721\"><strong data-start=\"527\" data-end=\"542\">Moja misija<\/strong> je olak\u0161ati vam po\u010detak u Hrvatskoj. S osobnim anga\u017emanom i strukturiranim pristupom preuzimam birokratske zadatke kako biste se vi mogli usredoto\u010diti na ono \u0161to je za vas bitno.<\/p>\n<p class=\"\" data-start=\"723\" data-end=\"752\"><strong data-start=\"723\" data-end=\"752\">Za\u0161to sura\u0111ivati sa mnom?<\/strong><\/p>\n<p class=\"\" data-start=\"754\" data-end=\"954\">\u2022 Vi\u0161e od 15 godina profesionalnog iskustva u administraciji, savjetovanju i vo\u0111enju projekata<br data-start=\"848\" data-end=\"851\" \/>\u2022 Stru\u010dno znanje o upravnim i pravnim procesima<br data-start=\"898\" data-end=\"901\" \/>\u2022 Individualna rje\u0161enja prilago\u0111ena va\u0161im potrebama<\/p>\n<p class=\"\" data-start=\"956\" data-end=\"1020\">Veselim se upoznati vas i pratiti vas na va\u0161em putu u Hrvatskoj!<\/p>\n","protected":false},"excerpt":{"rendered":"<p>Dobrodo\u0161li na stranicu Anicon Kao stru\u010dnjakinja njema\u010dkog govornog podru\u010dja s dugogodi\u0161njim iskustvom u administraciji, organizaciji i socijalnom sektoru, nudim vam prilago\u0111ene usluge koje \u0107e vam pomo\u0107i da se brzo i jednostavno sna\u0111ete u Hrvatskoj. Bilo da \u017eelite \u017eivjeti, raditi, ulagati ili zapo\u010deti projekt \u2013 stojim vam na raspolaganju sa svojim znanjem u podru\u010dju administrativnih poslova, [&hellip;]<\/p>\n","protected":false},"author":1,"featured_media":0,"parent":0,"menu_order":31,"comment_status":"closed","ping_status":"closed","template":"","meta":{"footnotes":""},"class_list":["post-59","page","type-page","status-publish","hentry"],"jetpack_sharing_enabled":true,"_links":{"self":[{"href":"https:\/\/anicon.hr\/index.php\/wp-json\/wp\/v2\/pages\/59","targetHints":{"allow":["GET"]}}],"collection":[{"href":"https:\/\/anicon.hr\/index.php\/wp-json\/wp\/v2\/pages"}],"about":[{"href":"https:\/\/anicon.hr\/index.php\/wp-json\/wp\/v2\/types\/page"}],"author":[{"embeddable":true,"href":"https:\/\/anicon.hr\/index.php\/wp-json\/wp\/v2\/users\/1"}],"replies":[{"embeddable":true,"href":"https:\/\/anicon.hr\/index.php\/wp-json\/wp\/v2\/comments?post=59"}],"version-history":[{"count":2,"href":"https:\/\/anicon.hr\/index.php\/wp-json\/wp\/v2\/pages\/59\/revisions"}],"predecessor-version":[{"id":112,"href":"https:\/\/anicon.hr\/index.php\/wp-json\/wp\/v2\/pages\/59\/revisions\/112"}],"wp:attachment":[{"href":"https:\/\/anicon.hr\/index.php\/wp-json\/wp\/v2\/media?parent=59"}],"curies":[{"name":"wp","href":"https:\/\/api.w.org\/{rel}","templated":true}]}}