{"id":55,"date":"2025-05-19T09:36:36","date_gmt":"2025-05-19T09:36:36","guid":{"rendered":"https:\/\/anicon.hr\/?page_id=55"},"modified":"2025-06-10T11:46:31","modified_gmt":"2025-06-10T11:46:31","slug":"usluge","status":"publish","type":"page","link":"https:\/\/anicon.hr\/index.php\/hr\/usluge\/","title":{"rendered":"Usluge"},"content":{"rendered":"<h3 class=\"\" data-start=\"1496\" data-end=\"1547\"><strong data-start=\"1505\" data-end=\"1547\">Moje usluge \u2013 Va\u0161a podr\u0161ka u Hrvatskoj<\/strong><\/h3>\n<p><img loading=\"lazy\" decoding=\"async\" class=\"alignnone wp-image-85 size-full\" src=\"https:\/\/anicon.hr\/wp-content\/uploads\/2025\/05\/IMG_8592.heic\" alt=\"\" width=\"3710\" height=\"2782\" \/><\/p>\n<p class=\"\" data-start=\"1549\" data-end=\"1744\">Govori\u0161 njema\u010dki i \u017eivi\u0161 u Hrvatskoj, ili planira\u0161 \u017eivjeti, investirati, graditi ili raditi ovdje? Nudim ti profesionalnu podr\u0161ku u administrativnim, organizacijskim i knjigovodstvenim poslovima.<\/p>\n<h4 class=\"\" data-start=\"1746\" data-end=\"1789\">Administrativna podr\u0161ka i organizacija<\/h4>\n<ul>\n<li data-start=\"1793\" data-end=\"1837\">Pomo\u0107 pri prijavama i izradi dokumentacije<\/li>\n<li data-start=\"1840\" data-end=\"1886\">Podr\u0161ka kod tra\u017eenja posla i dozvola boravka<\/li>\n<li data-start=\"1889\" data-end=\"1940\">Asistencija pri kupnji zemlji\u0161ta i izgradnji ku\u0107e<\/li>\n<li data-start=\"1943\" data-end=\"2014\">Komunikacija s hrvatskim institucijama, bankama i pru\u017eateljima usluga<\/li>\n<\/ul>\n<h4 class=\"\" data-start=\"2016\" data-end=\"2063\">Podr\u0161ka projektima i individualna rje\u0161enja<\/h4>\n<ul>\n<li data-start=\"2067\" data-end=\"2106\">Organizacija i koordinacija projekata<\/li>\n<li data-start=\"2109\" data-end=\"2167\">Podr\u0161ka u suradnji s arhitektima i gra\u0111evinskim tvrtkama<\/li>\n<li data-start=\"2170\" data-end=\"2225\">Individualno savjetovanje za tvoj po\u010detak u Hrvatskoj<\/li>\n<\/ul>\n<h4 class=\"\" data-start=\"2227\" data-end=\"2289\">Knjigovodstvena i administrativna asistencija (u razvoju)<\/h4>\n<ul>\n<li data-start=\"2293\" data-end=\"2339\">Pomo\u0107 kod osnovnih knjigovodstvenih zadataka<\/li>\n<li data-start=\"2342\" data-end=\"2399\">Strukturiranje i organizacija financijske dokumentacije<\/li>\n<li data-start=\"2402\" data-end=\"2454\">Osnovne knjigovodstvene usluge za male poduzetnike<\/li>\n<\/ul>\n<h4 class=\"\" data-start=\"2456\" data-end=\"2498\">PDV prijave za privatne iznajmljiva\u010de<\/h4>\n<ul>\n<li data-start=\"2502\" data-end=\"2532\">Mjese\u010dna predaja PDV prijava<\/li>\n<li data-start=\"2535\" data-end=\"2598\">Za rezidente i nerezidente privatne iznajmljiva\u010de u Hrvatskoj<\/li>\n<li data-start=\"2601\" data-end=\"2642\">Podr\u0161ka pri kori\u0161tenju sustava ePorezna<\/li>\n<\/ul>\n<p class=\"\" data-start=\"2644\" data-end=\"2828\">S dugogodi\u0161njim iskustvom u administraciji, organizaciji i socijalnim uslugama, stojim ti na raspolaganju kao pouzdana i stru\u010dna osoba. Ja rje\u0161avam birokraciju \u2013 ti u\u017eivaj u Hrvatskoj!<\/p>\n<p class=\"\" data-start=\"2830\" data-end=\"2896\"><strong data-start=\"2830\" data-end=\"2896\">Slobodno me kontaktiraj za neobvezuju\u0107i informativni razgovor!<\/strong><\/p>\n","protected":false},"excerpt":{"rendered":"<p>Moje usluge \u2013 Va\u0161a podr\u0161ka u Hrvatskoj Govori\u0161 njema\u010dki i \u017eivi\u0161 u Hrvatskoj, ili planira\u0161 \u017eivjeti, investirati, graditi ili raditi ovdje? Nudim ti profesionalnu podr\u0161ku u administrativnim, organizacijskim i knjigovodstvenim poslovima. Administrativna podr\u0161ka i organizacija Pomo\u0107 pri prijavama i izradi dokumentacije Podr\u0161ka kod tra\u017eenja posla i dozvola boravka Asistencija pri kupnji zemlji\u0161ta i izgradnji ku\u0107e [&hellip;]<\/p>\n","protected":false},"author":1,"featured_media":0,"parent":0,"menu_order":32,"comment_status":"closed","ping_status":"closed","template":"","meta":{"footnotes":""},"class_list":["post-55","page","type-page","status-publish","hentry"],"jetpack_sharing_enabled":true,"_links":{"self":[{"href":"https:\/\/anicon.hr\/index.php\/wp-json\/wp\/v2\/pages\/55","targetHints":{"allow":["GET"]}}],"collection":[{"href":"https:\/\/anicon.hr\/index.php\/wp-json\/wp\/v2\/pages"}],"about":[{"href":"https:\/\/anicon.hr\/index.php\/wp-json\/wp\/v2\/types\/page"}],"author":[{"embeddable":true,"href":"https:\/\/anicon.hr\/index.php\/wp-json\/wp\/v2\/users\/1"}],"replies":[{"embeddable":true,"href":"https:\/\/anicon.hr\/index.php\/wp-json\/wp\/v2\/comments?post=55"}],"version-history":[{"count":3,"href":"https:\/\/anicon.hr\/index.php\/wp-json\/wp\/v2\/pages\/55\/revisions"}],"predecessor-version":[{"id":122,"href":"https:\/\/anicon.hr\/index.php\/wp-json\/wp\/v2\/pages\/55\/revisions\/122"}],"wp:attachment":[{"href":"https:\/\/anicon.hr\/index.php\/wp-json\/wp\/v2\/media?parent=55"}],"curies":[{"name":"wp","href":"https:\/\/api.w.org\/{rel}","templated":true}]}}