{"id":49,"date":"2025-02-21T10:01:22","date_gmt":"2025-02-21T10:01:22","guid":{"rendered":"https:\/\/anicon.hr\/?page_id=49"},"modified":"2025-06-10T11:46:55","modified_gmt":"2025-06-10T11:46:55","slug":"49-2","status":"publish","type":"page","link":"https:\/\/anicon.hr\/index.php\/hr\/49-2\/","title":{"rendered":"O meni"},"content":{"rendered":"<p class=\"p1\"><b><img loading=\"lazy\" decoding=\"async\" class=\"alignnone wp-image-77 size-large\" src=\"https:\/\/anicon.hr\/wp-content\/uploads\/2025\/05\/25f91517-3859-4288-8d92-d001b03ab6bc-2-1024x756.jpg\" alt=\"\" width=\"1024\" height=\"756\" srcset=\"https:\/\/anicon.hr\/wp-content\/uploads\/2025\/05\/25f91517-3859-4288-8d92-d001b03ab6bc-2-1024x756.jpg 1024w, https:\/\/anicon.hr\/wp-content\/uploads\/2025\/05\/25f91517-3859-4288-8d92-d001b03ab6bc-2-300x222.jpg 300w, https:\/\/anicon.hr\/wp-content\/uploads\/2025\/05\/25f91517-3859-4288-8d92-d001b03ab6bc-2-768x567.jpg 768w, https:\/\/anicon.hr\/wp-content\/uploads\/2025\/05\/25f91517-3859-4288-8d92-d001b03ab6bc-2.jpg 1269w\" sizes=\"auto, (max-width: 1024px) 100vw, 1024px\" \/><\/b><\/p>\n<p class=\"\" data-start=\"72\" data-end=\"277\"><strong data-start=\"72\" data-end=\"277\">Moje ime je Anita Trutani\u0107, odrasla sam u Austriji. Danas \u017eivim na prekrasnom otoku Bra\u010du u Hrvatskoj i svoju strast prema organizaciji, strukturi i u\u010dinkovitim rje\u0161enjima unijela sam u vlastiti posao.<\/strong><\/p>\n<p class=\"\" data-start=\"279\" data-end=\"509\">S diplomom iz trgova\u010dke akademije i socijalne pedagogije te s vi\u0161e od 15 godina radnog iskustva u administraciji, coachingu i vo\u0111enju projekata, poma\u017eem njema\u010dki govore\u0107im osobama koje \u017eele \u017eivjeti, ulagati ili raditi u Hrvatskoj.<\/p>\n<p class=\"\" data-start=\"511\" data-end=\"858\">Zahvaljuju\u0107i mom radu kao tajnica u javnobilje\u017eni\u010dkom uredu, izvrsno poznajem administrativne i birokratske procese. Dugogodi\u0161nje iskustvo u profesionalnom i socijalnom savjetovanju nau\u010dilo me pronalaziti individualna rje\u0161enja za razli\u010dite izazove. Tako\u0111er kontinuirano usavr\u0161avam svoje znanje iz podru\u010dja ra\u010dunovodstva i financijske organizacije.<\/p>\n<p class=\"\" data-start=\"860\" data-end=\"876\"><strong data-start=\"860\" data-end=\"876\">Moja misija:<\/strong><\/p>\n<p class=\"\" data-start=\"878\" data-end=\"1048\">Poma\u017eem vam da se brzo i jednostavno sna\u0111ete u Hrvatskoj \u2013 bilo da se radi o odlascima u institucije, administrativnim zadacima, tra\u017eenju posla ili gra\u0111evinskom projektu.<\/p>\n<p class=\"\" data-start=\"1050\" data-end=\"1117\">Veselim se \u0161to \u0107u vas upoznati i pratiti na va\u0161em putu u Hrvatskoj!<\/p>\n","protected":false},"excerpt":{"rendered":"<p>Moje ime je Anita Trutani\u0107, odrasla sam u Austriji. Danas \u017eivim na prekrasnom otoku Bra\u010du u Hrvatskoj i svoju strast prema organizaciji, strukturi i u\u010dinkovitim rje\u0161enjima unijela sam u vlastiti posao. S diplomom iz trgova\u010dke akademije i socijalne pedagogije te s vi\u0161e od 15 godina radnog iskustva u administraciji, coachingu i vo\u0111enju projekata, poma\u017eem njema\u010dki [&hellip;]<\/p>\n","protected":false},"author":1,"featured_media":0,"parent":0,"menu_order":33,"comment_status":"closed","ping_status":"closed","template":"","meta":{"footnotes":""},"class_list":["post-49","page","type-page","status-publish","hentry"],"jetpack_sharing_enabled":true,"_links":{"self":[{"href":"https:\/\/anicon.hr\/index.php\/wp-json\/wp\/v2\/pages\/49","targetHints":{"allow":["GET"]}}],"collection":[{"href":"https:\/\/anicon.hr\/index.php\/wp-json\/wp\/v2\/pages"}],"about":[{"href":"https:\/\/anicon.hr\/index.php\/wp-json\/wp\/v2\/types\/page"}],"author":[{"embeddable":true,"href":"https:\/\/anicon.hr\/index.php\/wp-json\/wp\/v2\/users\/1"}],"replies":[{"embeddable":true,"href":"https:\/\/anicon.hr\/index.php\/wp-json\/wp\/v2\/comments?post=49"}],"version-history":[{"count":5,"href":"https:\/\/anicon.hr\/index.php\/wp-json\/wp\/v2\/pages\/49\/revisions"}],"predecessor-version":[{"id":52,"href":"https:\/\/anicon.hr\/index.php\/wp-json\/wp\/v2\/pages\/49\/revisions\/52"}],"wp:attachment":[{"href":"https:\/\/anicon.hr\/index.php\/wp-json\/wp\/v2\/media?parent=49"}],"curies":[{"name":"wp","href":"https:\/\/api.w.org\/{rel}","templated":true}]}}