{"id":32,"date":"2025-02-20T11:03:39","date_gmt":"2025-02-20T11:03:39","guid":{"rendered":"https:\/\/anicon.hr\/?page_id=32"},"modified":"2025-06-10T11:43:15","modified_gmt":"2025-06-10T11:43:15","slug":"uber-mich","status":"publish","type":"page","link":"https:\/\/anicon.hr\/index.php\/uber-mich\/","title":{"rendered":"\u00dcber mich"},"content":{"rendered":"<p class=\"p3\"><img loading=\"lazy\" decoding=\"async\" class=\"alignnone wp-image-77 size-large\" src=\"https:\/\/anicon.hr\/wp-content\/uploads\/2025\/05\/25f91517-3859-4288-8d92-d001b03ab6bc-2-1024x756.jpg\" alt=\"\" width=\"1024\" height=\"756\" srcset=\"https:\/\/anicon.hr\/wp-content\/uploads\/2025\/05\/25f91517-3859-4288-8d92-d001b03ab6bc-2-1024x756.jpg 1024w, https:\/\/anicon.hr\/wp-content\/uploads\/2025\/05\/25f91517-3859-4288-8d92-d001b03ab6bc-2-300x222.jpg 300w, https:\/\/anicon.hr\/wp-content\/uploads\/2025\/05\/25f91517-3859-4288-8d92-d001b03ab6bc-2-768x567.jpg 768w, https:\/\/anicon.hr\/wp-content\/uploads\/2025\/05\/25f91517-3859-4288-8d92-d001b03ab6bc-2.jpg 1269w\" sizes=\"auto, (max-width: 1024px) 100vw, 1024px\" \/><\/p>\n<p class=\"p3\">Mein Name ist <span class=\"s1\"><b>Anita Trutani\u0107<\/b><\/span>, und ich bin in <span class=\"s1\"><b>\u00d6sterreich aufgewachsen<\/b><\/span>. Heute lebe ich auf der wundersch\u00f6nen Insel <span class=\"s1\"><b>Bra\u010d in Kroatien<\/b><\/span> und habe meine Leidenschaft f\u00fcr <span class=\"s1\"><b>Organisation, Struktur und effiziente L\u00f6sungen<\/b><\/span> in mein eigenes Unternehmen eingebracht.<\/p>\n<p class=\"p4\"><span class=\"s2\">Mit einem <\/span><b>Abschluss in Handelsakademie &amp; Sozialp\u00e4dagogik<\/b><span class=\"s2\"> und \u00fcber <\/span><b>15 Jahren Berufserfahrung<\/b><span class=\"s2\"> in den Bereichen <\/span><b>Administration, Coaching und Projektbegleitung<\/b><span class=\"s2\"> unterst\u00fctze ich deutschsprachige Personen, die in Kroatien <\/span><b>leben, investieren oder arbeiten<\/b><span class=\"s2\"> m\u00f6chten.<\/span><\/p>\n<p class=\"p3\">Dank meiner Zeit als <span class=\"s1\"><b>Notariatssekret\u00e4rin<\/b><\/span> kenne ich mich bestens mit <span class=\"s1\"><b>beh\u00f6rdlichen Prozessen<\/b><\/span> aus. Meine jahrelange T\u00e4tigkeit in der <span class=\"s1\"><b>Berufs- und Sozialberatung<\/b><\/span> hat mich gelehrt, <span class=\"s1\"><b>individuelle L\u00f6sungen f\u00fcr verschiedene Herausforderungen<\/b><\/span> zu finden. Zudem baue ich meine Expertise im Bereich <span class=\"s1\"><b>Buchhaltung und Finanzorganisation <\/b><\/span>kontinuierlich aus.<\/p>\n<p class=\"p4\"><b>Meine Mission:<\/b><\/p>\n<p class=\"p4\"><span class=\"s2\">Ich helfe Ihnen, sich in Kroatien <\/span><b>schnell und unkompliziert zurechtzufinden<\/b><span class=\"s2\"> \u2013 sei es bei <\/span><b>Beh\u00f6rdeng\u00e4ngen, administrativen Aufgaben, der Jobsuche oder Ihrem Bauprojekt<\/b><span class=\"s2\">.<\/span><\/p>\n<p class=\"p4\"><b>Ich freue mich darauf, Sie kennenzulernen und Sie auf Ihrem Weg in Kroatien zu begleiten!<\/b><\/p>\n","protected":false},"excerpt":{"rendered":"<p>Mein Name ist Anita Trutani\u0107, und ich bin in \u00d6sterreich aufgewachsen. Heute lebe ich auf der wundersch\u00f6nen Insel Bra\u010d in Kroatien und habe meine Leidenschaft f\u00fcr Organisation, Struktur und effiziente L\u00f6sungen in mein eigenes Unternehmen eingebracht. Mit einem Abschluss in Handelsakademie &amp; Sozialp\u00e4dagogik und \u00fcber 15 Jahren Berufserfahrung in den Bereichen Administration, Coaching und Projektbegleitung [&hellip;]<\/p>\n","protected":false},"author":1,"featured_media":0,"parent":0,"menu_order":13,"comment_status":"closed","ping_status":"closed","template":"","meta":{"footnotes":""},"class_list":["post-32","page","type-page","status-publish","hentry"],"jetpack_sharing_enabled":true,"_links":{"self":[{"href":"https:\/\/anicon.hr\/index.php\/wp-json\/wp\/v2\/pages\/32","targetHints":{"allow":["GET"]}}],"collection":[{"href":"https:\/\/anicon.hr\/index.php\/wp-json\/wp\/v2\/pages"}],"about":[{"href":"https:\/\/anicon.hr\/index.php\/wp-json\/wp\/v2\/types\/page"}],"author":[{"embeddable":true,"href":"https:\/\/anicon.hr\/index.php\/wp-json\/wp\/v2\/users\/1"}],"replies":[{"embeddable":true,"href":"https:\/\/anicon.hr\/index.php\/wp-json\/wp\/v2\/comments?post=32"}],"version-history":[{"count":4,"href":"https:\/\/anicon.hr\/index.php\/wp-json\/wp\/v2\/pages\/32\/revisions"}],"predecessor-version":[{"id":88,"href":"https:\/\/anicon.hr\/index.php\/wp-json\/wp\/v2\/pages\/32\/revisions\/88"}],"wp:attachment":[{"href":"https:\/\/anicon.hr\/index.php\/wp-json\/wp\/v2\/media?parent=32"}],"curies":[{"name":"wp","href":"https:\/\/api.w.org\/{rel}","templated":true}]}}