{"id":25,"date":"2025-02-20T11:03:29","date_gmt":"2025-02-20T11:03:29","guid":{"rendered":"https:\/\/anicon.hr\/?page_id=25"},"modified":"2025-06-10T11:43:05","modified_gmt":"2025-06-10T11:43:05","slug":"service","status":"publish","type":"page","link":"https:\/\/anicon.hr\/index.php\/service\/","title":{"rendered":"Service"},"content":{"rendered":"<p class=\"p1\"><b>Meine Dienstleistungen \u2013 Ihre Unterst\u00fctzung in Kroatien<\/b><\/p>\n<p class=\"p1\"><img loading=\"lazy\" decoding=\"async\" class=\"alignnone wp-image-85 size-full\" src=\"https:\/\/anicon.hr\/wp-content\/uploads\/2025\/05\/IMG_8592.heic\" alt=\"\" width=\"3710\" height=\"2782\" \/><\/p>\n<p class=\"p3\">Sie sind deutschsprachig und leben oder wollen in Kroatien leben oder planen, hier zu investieren, zu bauen oder zu arbeiten? Ich biete Ihnen professionelle Unterst\u00fctzung in <span class=\"s1\"><b>administrativen, organisatorischen und buchhalterischen Angelegenheiten<\/b><\/span>.<\/p>\n<p class=\"p4\"><b>Administrative Unterst\u00fctzung &amp; Organisation<\/b><\/p>\n<ul>\n<li class=\"p3\">Hilfe bei beh\u00f6rdlichen Anmeldungen &amp; Dokumenten<\/li>\n<li class=\"p3\">Unterst\u00fctzung bei Jobsuche &amp; Aufenthaltsgenehmigungen<\/li>\n<li class=\"p3\">Assistenz beim Grundst\u00fcckskauf &amp; Hausbau<\/li>\n<li class=\"p3\">Kommunikation mit kroatischen Beh\u00f6rden, Banken &amp; Dienstleistern<\/li>\n<\/ul>\n<p class=\"p4\"><b>Projektbegleitung &amp; individuelle L\u00f6sungen<\/b><\/p>\n<ul>\n<li class=\"p4\">Organisation &amp; Koordination von Projekten<\/li>\n<li class=\"p4\">Unterst\u00fctzung bei der Zusammenarbeit mit Architekten &amp; Bauunternehmen<\/li>\n<li class=\"p4\">Individuelle Beratung f\u00fcr Ihren Start in Kroatien<\/li>\n<\/ul>\n<p class=\"p4\"><b>Buchhalterische &amp; administrative Assistenz (im Aufbau)<\/b><\/p>\n<ul>\n<li class=\"p3\">Unterst\u00fctzung bei kleinen buchhalterischen Aufgaben<\/li>\n<li class=\"p3\">Strukturierung &amp; Organisation von Finanzunterlagen<\/li>\n<li class=\"p3\">Basis-Buchhaltungsservices f\u00fcr Kleinunternehmer<\/li>\n<\/ul>\n<p class=\"p1\"><b>Mehrwertsteuererkl\u00e4rungen f\u00fcr private Vermieter<\/b><\/p>\n<ul>\n<li class=\"p2\">Monatliche Einreichung von Mehrwertsteuererkl\u00e4rungen<\/li>\n<li class=\"p2\">F\u00fcr in Kroatien ans\u00e4ssige (residente) und nichtans\u00e4ssige (nichtresidente) private Vermieter<\/li>\n<li class=\"p2\">Unterst\u00fctzung bei der Nutzung des ePorezna-Systems<\/li>\n<\/ul>\n<p class=\"p5\"><span class=\"s2\">Mit meiner langj\u00e4hrigen Erfahrung in der <\/span><b>Administration, Organisation und im Sozialbereich<\/b><span class=\"s2\"> stehe ich Ihnen als <\/span><b>zuverl\u00e4ssige und kompetente Anlaufstelle<\/b><span class=\"s2\"> zur Seite. <\/span><b>Ich \u00fcbernehme die B\u00fcrokratie \u2013 Sie genie\u00dfen Kroatien!<\/b><\/p>\n<p class=\"p5\"><b>Kontaktieren Sie mich gerne f\u00fcr ein unverbindliches Beratungsgespr\u00e4ch!<\/b><\/p>\n","protected":false},"excerpt":{"rendered":"<p>Meine Dienstleistungen \u2013 Ihre Unterst\u00fctzung in Kroatien Sie sind deutschsprachig und leben oder wollen in Kroatien leben oder planen, hier zu investieren, zu bauen oder zu arbeiten? Ich biete Ihnen professionelle Unterst\u00fctzung in administrativen, organisatorischen und buchhalterischen Angelegenheiten. Administrative Unterst\u00fctzung &amp; Organisation Hilfe bei beh\u00f6rdlichen Anmeldungen &amp; Dokumenten Unterst\u00fctzung bei Jobsuche &amp; Aufenthaltsgenehmigungen Assistenz beim [&hellip;]<\/p>\n","protected":false},"author":1,"featured_media":0,"parent":0,"menu_order":12,"comment_status":"closed","ping_status":"closed","template":"","meta":{"footnotes":""},"class_list":["post-25","page","type-page","status-publish","hentry"],"jetpack_sharing_enabled":true,"_links":{"self":[{"href":"https:\/\/anicon.hr\/index.php\/wp-json\/wp\/v2\/pages\/25","targetHints":{"allow":["GET"]}}],"collection":[{"href":"https:\/\/anicon.hr\/index.php\/wp-json\/wp\/v2\/pages"}],"about":[{"href":"https:\/\/anicon.hr\/index.php\/wp-json\/wp\/v2\/types\/page"}],"author":[{"embeddable":true,"href":"https:\/\/anicon.hr\/index.php\/wp-json\/wp\/v2\/users\/1"}],"replies":[{"embeddable":true,"href":"https:\/\/anicon.hr\/index.php\/wp-json\/wp\/v2\/comments?post=25"}],"version-history":[{"count":8,"href":"https:\/\/anicon.hr\/index.php\/wp-json\/wp\/v2\/pages\/25\/revisions"}],"predecessor-version":[{"id":87,"href":"https:\/\/anicon.hr\/index.php\/wp-json\/wp\/v2\/pages\/25\/revisions\/87"}],"wp:attachment":[{"href":"https:\/\/anicon.hr\/index.php\/wp-json\/wp\/v2\/media?parent=25"}],"curies":[{"name":"wp","href":"https:\/\/api.w.org\/{rel}","templated":true}]}}